{"id":1237,"date":"2021-10-10T23:45:42","date_gmt":"2021-10-11T02:45:42","guid":{"rendered":"https:\/\/nova2021.dev\/?page_id=1237"},"modified":"2024-02-22T18:00:17","modified_gmt":"2024-02-22T21:00:17","slug":"membros","status":"publish","type":"page","link":"https:\/\/novaigreja.com\/en\/membros\/","title":{"rendered":"Membros"},"content":{"rendered":"<p>[et_pb_section fb_built=&#8221;1&#8243; custom_padding_last_edited=&#8221;on|tablet&#8221; _builder_version=&#8221;4.17.0&#8243; _module_preset=&#8221;default&#8221; custom_padding_tablet=&#8221;0px||||false|false&#8221; custom_padding_phone=&#8221;0px||||false|false&#8221; global_colors_info=&#8221;{}&#8221;][et_pb_row _builder_version=&#8221;4.16&#8243; _module_preset=&#8221;default&#8221; max_width=&#8221;700px&#8221; global_colors_info=&#8221;{}&#8221;][et_pb_column type=&#8221;4_4&#8243; _builder_version=&#8221;4.16&#8243; _module_preset=&#8221;default&#8221; global_colors_info=&#8221;{}&#8221;][et_pb_text _builder_version=&#8221;4.20.2&#8243; _module_preset=&#8221;default&#8221; text_orientation=&#8221;center&#8221; global_colors_info=&#8221;{}&#8221;]<\/p>\n<h1>Want to be a member?<\/h1>\n<h2>Great.. Let's go!<\/h2>\n<p>[\/et_pb_text][et_pb_image src=&#8221;https:\/\/novaigreja.com\/wp-content\/uploads\/2021\/11\/MG_5987-3.jpg&#8221; title_text=&#8221;_MG_5987-3&#8243; _builder_version=&#8221;4.16&#8243; _module_preset=&#8221;default&#8221; global_colors_info=&#8221;{}&#8221;][\/et_pb_image][et_pb_text _builder_version=&#8221;4.20.2&#8243; _module_preset=&#8221;default&#8221; custom_margin=&#8221;50px||||false|false&#8221; global_colors_info=&#8221;{}&#8221;]<\/p>\n<p>We are super happy with your decision to become a member of Nova, so we made it as simple as possible.<\/p>\n<p>First, fill out the form below. If you are coming with your family, don't forget to fill out the form for each member, including children.<\/p>\n<p>Lastly, we have Nova Start, a quick course that you (and your family) will love taking. In it, the Nova is presented and most importantly, you will understand the bases of everything we believe and preach.<\/p>\n<p>&nbsp;<\/p>\n<p style=\"text-align: center;\">To learn more about Nova Start and sign up, click below:<\/p>\n<p>[\/et_pb_text][et_pb_button button_url=&#8221;https:\/\/novacollege.com.br\/cursos\/novastart\/&#8221; url_new_window=&#8221;on&#8221; button_text=&#8221;Ir para o Start&#8221; button_alignment=&#8221;center&#8221; _builder_version=&#8221;4.20.2&#8243; _module_preset=&#8221;default&#8221; global_colors_info=&#8221;{}&#8221;][\/et_pb_button][\/et_pb_column][\/et_pb_row][et_pb_row _builder_version=&#8221;4.16&#8243; _module_preset=&#8221;7a0c7448-3472-4348-b1b4-8bf6ca9c424d&#8221; max_width=&#8221;500px&#8221; global_colors_info=&#8221;{}&#8221;][et_pb_column type=&#8221;4_4&#8243; _builder_version=&#8221;4.16&#8243; _module_preset=&#8221;default&#8221; global_colors_info=&#8221;{}&#8221;][et_pb_wpt_gravityform gravityform_id=&#8221;gf-12&#8243; title=&#8221;off&#8221; description=&#8221;off&#8221; ajax=&#8221;on&#8221; sub_label_custom_margin=&#8221;0px|0|3px|1px|false|false&#8221; field_description_custom_padding=&#8221;3px|0|0|0|false|false&#8221; _builder_version=&#8221;4.24.2&#8243; _module_preset=&#8221;default&#8221; label_text_color=&#8221;gcid-74508b7b-770f-486e-9e3c-9ba1a26fee0e&#8221; sub_label_text_color=&#8221;gcid-3e5979b9-b7b8-44ca-9b07-60be1070d016&#8243; field_description_text_color=&#8221;gcid-3e5979b9-b7b8-44ca-9b07-60be1070d016&#8243; hover_enabled=&#8221;0&#8243; border_color_all_input_general=&#8221;gcid-3e5979b9-b7b8-44ca-9b07-60be1070d016&#8243; global_colors_info=&#8221;{%22gcid-3e5979b9-b7b8-44ca-9b07-60be1070d016%22:%91%22sub_label_text_color%22,%22field_description_text_color%22,%22border_color_all_input_general%22%93,%22gcid-74508b7b-770f-486e-9e3c-9ba1a26fee0e%22:%91%22label_text_color%22%93}&#8221; border_color_all_input_general__hover_enabled=&#8221;off|hover&#8221; sticky_enabled=&#8221;0&#8243;][\/et_pb_wpt_gravityform][\/et_pb_column][\/et_pb_row][\/et_pb_section]<\/p>","protected":false},"excerpt":{"rendered":"<p>Quer ser membro? \u00d3timo.. Vamos l\u00e1! Ficamos super felizes com a sua decis\u00e3o de se tornar membro da Nova, por isso deixamos tuso o mais simples poss\u00edvel. Primeiro, preencha o formul\u00e1rio abaixo. Se voc\u00ea est\u00e1 vindo com sua fam\u00edlia, n\u00e3o se esque\u00e7a de preencher o formul\u00e1rio para cada membro, incluindo as crian\u00e7as. Por \u00faltimo,&#8230;<\/p>","protected":false},"author":1,"featured_media":0,"parent":0,"menu_order":0,"comment_status":"closed","ping_status":"closed","template":"","meta":{"_acf_changed":false,"_et_pb_use_builder":"on","_et_pb_old_content":"","_et_gb_content_width":"","footnotes":""},"class_list":["post-1237","page","type-page","status-publish","hentry"],"acf":[],"_links":{"self":[{"href":"https:\/\/novaigreja.com\/en\/wp-json\/wp\/v2\/pages\/1237","targetHints":{"allow":["GET"]}}],"collection":[{"href":"https:\/\/novaigreja.com\/en\/wp-json\/wp\/v2\/pages"}],"about":[{"href":"https:\/\/novaigreja.com\/en\/wp-json\/wp\/v2\/types\/page"}],"author":[{"embeddable":true,"href":"https:\/\/novaigreja.com\/en\/wp-json\/wp\/v2\/users\/1"}],"replies":[{"embeddable":true,"href":"https:\/\/novaigreja.com\/en\/wp-json\/wp\/v2\/comments?post=1237"}],"version-history":[{"count":0,"href":"https:\/\/novaigreja.com\/en\/wp-json\/wp\/v2\/pages\/1237\/revisions"}],"wp:attachment":[{"href":"https:\/\/novaigreja.com\/en\/wp-json\/wp\/v2\/media?parent=1237"}],"curies":[{"name":"wp","href":"https:\/\/api.w.org\/{rel}","templated":true}]}}