{"id":1783,"date":"2021-10-10T23:42:37","date_gmt":"2021-10-11T02:42:37","guid":{"rendered":"https:\/\/nova2021.dev\/pedidos-2\/"},"modified":"2023-06-05T12:17:37","modified_gmt":"2023-06-05T15:17:37","slug":"testemunhos","status":"publish","type":"page","link":"https:\/\/novaigreja.com\/en\/testemunhos\/","title":{"rendered":"Testimonials"},"content":{"rendered":"<p>[et_pb_section fb_built=&#8221;1&#8243; custom_padding_last_edited=&#8221;on|tablet&#8221; _builder_version=&#8221;4.17.0&#8243; _module_preset=&#8221;default&#8221; custom_padding_tablet=&#8221;0px||||false|false&#8221; custom_padding_phone=&#8221;0px||||false|false&#8221; global_colors_info=&#8221;{}&#8221;][et_pb_row _builder_version=&#8221;4.16&#8243; _module_preset=&#8221;default&#8221; global_colors_info=&#8221;{}&#8221;][et_pb_column type=&#8221;4_4&#8243; _builder_version=&#8221;4.16&#8243; _module_preset=&#8221;default&#8221; global_colors_info=&#8221;{}&#8221;][et_pb_text _builder_version=&#8221;4.16&#8243; _module_preset=&#8221;default&#8221; text_orientation=&#8221;center&#8221; global_colors_info=&#8221;{}&#8221;]<\/p>\n<h1>Testimonials<\/h1>\n<p>Send below the testimony of what God has done in your life!<\/p>\n<p>[\/et_pb_text][\/et_pb_column][\/et_pb_row][et_pb_row _builder_version=&#8221;4.16&#8243; _module_preset=&#8221;7a0c7448-3472-4348-b1b4-8bf6ca9c424d&#8221; max_width=&#8221;500px&#8221; global_colors_info=&#8221;{}&#8221; theme_builder_area=&#8221;post_content&#8221;][et_pb_column type=&#8221;4_4&#8243; _builder_version=&#8221;4.16&#8243; _module_preset=&#8221;default&#8221; global_colors_info=&#8221;{}&#8221; theme_builder_area=&#8221;post_content&#8221;][et_pb_wpt_gravityform gravityform_id=&#8221;gf-3&#8243; title=&#8221;off&#8221; description=&#8221;off&#8221; ajax=&#8221;on&#8221; sub_label_custom_margin=&#8221;0px|0|3px|1px|false|false&#8221; field_description_custom_padding=&#8221;3px|0|0|0|false|false&#8221; checkbox_change_size=&#8221;on&#8221; checkbox_size=&#8221;24px&#8221; radio_change_size=&#8221;on&#8221; radio_size=&#8221;24px&#8221; _builder_version=&#8221;4.21.0&#8243; _module_preset=&#8221;default&#8221; label_text_color=&#8221;gcid-74508b7b-770f-486e-9e3c-9ba1a26fee0e&#8221; sub_label_text_color=&#8221;gcid-3e5979b9-b7b8-44ca-9b07-60be1070d016&#8243; field_description_text_color=&#8221;gcid-3e5979b9-b7b8-44ca-9b07-60be1070d016&#8243; hover_enabled=&#8221;0&#8243; border_color_all_input_general=&#8221;gcid-3e5979b9-b7b8-44ca-9b07-60be1070d016&#8243; global_colors_info=&#8221;{%22gcid-3e5979b9-b7b8-44ca-9b07-60be1070d016%22:%91%22sub_label_text_color%22,%22field_description_text_color%22,%22border_color_all_input_general%22%93,%22gcid-74508b7b-770f-486e-9e3c-9ba1a26fee0e%22:%91%22label_text_color%22%93}&#8221; border_color_all_input_general__hover_enabled=&#8221;off|hover&#8221; theme_builder_area=&#8221;post_content&#8221; sticky_enabled=&#8221;0&#8243;][\/et_pb_wpt_gravityform][\/et_pb_column][\/et_pb_row][\/et_pb_section]<\/p>","protected":false},"excerpt":{"rendered":"<p>Testemunhos Envie aqui seu testemunho do que Deus tem feito na sua vida! &quot;*&quot; indicates required fields Nome* Primeiro nome Last E-mail* TelefoneDDD + N\u00famero (Preferencialmente celular)Sexo*MasculinoFemininoEstado Civil*Solteiro (a)Casado (a)Vi\u00favo (a)Divorciado (a)Uni\u00e3o Est\u00e1velMeu testemunho \u00e9:*Consentir* Eu concordo em receber comunica\u00e7\u00f5es da Nova&#8230;<\/p>","protected":false},"author":1,"featured_media":0,"parent":0,"menu_order":0,"comment_status":"closed","ping_status":"closed","template":"","meta":{"_acf_changed":false,"_et_pb_use_builder":"on","_et_pb_old_content":"","_et_gb_content_width":"","footnotes":""},"class_list":["post-1783","page","type-page","status-publish","hentry"],"acf":[],"_links":{"self":[{"href":"https:\/\/novaigreja.com\/en\/wp-json\/wp\/v2\/pages\/1783","targetHints":{"allow":["GET"]}}],"collection":[{"href":"https:\/\/novaigreja.com\/en\/wp-json\/wp\/v2\/pages"}],"about":[{"href":"https:\/\/novaigreja.com\/en\/wp-json\/wp\/v2\/types\/page"}],"author":[{"embeddable":true,"href":"https:\/\/novaigreja.com\/en\/wp-json\/wp\/v2\/users\/1"}],"replies":[{"embeddable":true,"href":"https:\/\/novaigreja.com\/en\/wp-json\/wp\/v2\/comments?post=1783"}],"version-history":[{"count":0,"href":"https:\/\/novaigreja.com\/en\/wp-json\/wp\/v2\/pages\/1783\/revisions"}],"wp:attachment":[{"href":"https:\/\/novaigreja.com\/en\/wp-json\/wp\/v2\/media?parent=1783"}],"curies":[{"name":"wp","href":"https:\/\/api.w.org\/{rel}","templated":true}]}}