{"id":4591,"date":"2025-01-09T22:02:10","date_gmt":"2025-01-10T01:02:10","guid":{"rendered":"https:\/\/novaigreja.com\/?page_id=4591"},"modified":"2025-07-15T10:49:47","modified_gmt":"2025-07-15T13:49:47","slug":"nossacasa","status":"publish","type":"page","link":"https:\/\/novaigreja.com\/en\/nossacasa\/","title":{"rendered":"Nossa Casa"},"content":{"rendered":"<p>[et_pb_section fb_built=&#8221;1&#8243; _builder_version=&#8221;4.27.4&#8243; _module_preset=&#8221;default&#8221; background_enable_color=&#8221;off&#8221; background_video_mp4=&#8221;https:\/\/novaigreja.com\/wp-content\/uploads\/2025\/03\/Prancheta-1.mp4&#8243; background_video_width=&#8221;3120&#8243; background_video_height=&#8221;936&#8243; min_height=&#8221;576.4px&#8221; custom_padding=&#8221;117px||164px||false|false&#8221; background_last_edited=&#8221;on|phone&#8221; background_video_mp4_phone=&#8221;https:\/\/novaigreja.com\/wp-content\/uploads\/2025\/03\/1080&#215;1920.mp4&#8243; background_enable_video_mp4_phone=&#8221;on&#8221; global_colors_info=&#8221;{}&#8221;][et_pb_row _builder_version=&#8221;4.27.4&#8243; _module_preset=&#8221;default&#8221; custom_padding=&#8221;2px|1%||1%|false|true&#8221; custom_padding_phone=&#8221;0px||||false|true&#8221; global_colors_info=&#8221;{}&#8221;][et_pb_column type=&#8221;4_4&#8243; _builder_version=&#8221;4.27.4&#8243; _module_preset=&#8221;default&#8221; global_colors_info=&#8221;{}&#8221;][et_pb_text _builder_version=&#8221;4.27.4&#8243; _module_preset=&#8221;default&#8221; text_font=&#8221;DM Sans|700|||||||&#8221; text_text_color=&#8221;#FFFFFF&#8221; text_font_size=&#8221;16px&#8221; text_letter_spacing=&#8221;1px&#8221; header_font=&#8221;|800|||||||&#8221; header_font_size=&#8221;130px&#8221; header_letter_spacing=&#8221;-0.07em&#8221; header_line_height=&#8221;0.9em&#8221; text_orientation=&#8221;center&#8221; custom_margin=&#8221;||50px||false|false&#8221; header_font_size_tablet=&#8221;100px&#8221; header_font_size_phone=&#8221;80px&#8221; header_font_size_last_edited=&#8221;on|phone&#8221; header_2_font_size_tablet=&#8221;&#8221; header_2_font_size_phone=&#8221;&#8221; header_2_font_size_last_edited=&#8221;on|tablet&#8221; custom_css_main_element=&#8221;text-wrap: balance;&#8221; text_text_shadow_style=&#8221;preset3&#8243; text_text_shadow_blur_strength=&#8221;1.62em&#8221; global_colors_info=&#8221;{%22gcid-bfe95e01-e276-416c-80e6-6af65af570dd%22:%91%22link_text_color%22,%22link_text_color%22,%22link_text_color%22,%22link_text_color%22,%22link_text_color%22,%22link_text_color%22,%22link_text_color%22,%22link_text_color%22,%22link_text_color%22,%22link_text_color%22,%22link_text_color%22,%22link_text_color%22%93}&#8221;]<\/p>\n<h1>Our New House<\/h1>\n<p>[\/et_pb_text][\/et_pb_column][\/et_pb_row][et_pb_row _builder_version=&#8221;4.27.4&#8243; _module_preset=&#8221;default&#8221; custom_margin=&#8221;38px||0px||false|false&#8221; custom_padding=&#8221;|1%||1%|false|false&#8221; custom_padding_phone=&#8221;|||20%|false|false&#8221; global_colors_info=&#8221;{}&#8221;][et_pb_column type=&#8221;4_4&#8243; _builder_version=&#8221;4.27.4&#8243; _module_preset=&#8221;default&#8221; global_colors_info=&#8221;{}&#8221;][et_pb_button button_url=&#8221;#contribuir&#8221; button_text=&#8221;Comece a contribuir \u2192&#8221; button_alignment=&#8221;center&#8221; button_alignment_tablet=&#8221;center&#8221; button_alignment_phone=&#8221;left&#8221; button_alignment_last_edited=&#8221;on|phone&#8221; _builder_version=&#8221;4.27.4&#8243; _module_preset=&#8221;default&#8221; transform_scale_tablet=&#8221;&#8221; transform_scale_phone=&#8221;&#8221; transform_scale_last_edited=&#8221;on|phone&#8221; transform_translate=&#8221;0px|130px&#8221; transform_translate_tablet=&#8221;0px|97px&#8221; transform_translate_phone=&#8221;0px|100px&#8221; transform_translate_last_edited=&#8221;on|desktop&#8221; transform_translate_linked=&#8221;off&#8221; transform_rotate_tablet=&#8221;&#8221; transform_rotate_phone=&#8221;&#8221; transform_rotate_last_edited=&#8221;on|phone&#8221; transform_skew_tablet=&#8221;&#8221; transform_skew_phone=&#8221;&#8221; transform_skew_last_edited=&#8221;on|phone&#8221; transform_origin_tablet=&#8221;&#8221; transform_origin_phone=&#8221;&#8221; transform_origin_last_edited=&#8221;on|phone&#8221; transform_styles_last_edited=&#8221;on|desktop&#8221; transform_styles_tablet=&#8221;&#8221; transform_styles_phone=&#8221;&#8221; global_colors_info=&#8221;{}&#8221;][\/et_pb_button][\/et_pb_column][\/et_pb_row][\/et_pb_section][et_pb_section fb_built=&#8221;1&#8243; _builder_version=&#8221;4.27.4&#8243; _module_preset=&#8221;default&#8221; background_color=&#8221;gcid-a8d40162-6458-4219-bb05-b12c147c6e67&#8243; custom_margin=&#8221;-1px|||||&#8221; global_colors_info=&#8221;{%22gcid-a8d40162-6458-4219-bb05-b12c147c6e67%22:%91%22background_color%22%93}&#8221;][et_pb_row column_structure=&#8221;1_2,1_2&#8243; _builder_version=&#8221;4.27.4&#8243; _module_preset=&#8221;default&#8221; custom_padding_tablet=&#8221;|20%||20%|false|true&#8221; custom_padding_phone=&#8221;|5%||5%|false|true&#8221; global_colors_info=&#8221;{}&#8221;][et_pb_column type=&#8221;1_2&#8243; _builder_version=&#8221;4.27.4&#8243; _module_preset=&#8221;default&#8221; global_colors_info=&#8221;{}&#8221;][et_pb_text _builder_version=&#8221;4.27.4&#8243; _module_preset=&#8221;default&#8221; text_text_color=&#8221;gcid-25ac9308-b045-4eec-bab1-a5c95632d711&#8243; global_colors_info=&#8221;{%22gcid-bfe95e01-e276-416c-80e6-6af65af570dd%22:%91%22link_text_color%22,%22link_text_color%22,%22link_text_color%22,%22link_text_color%22,%22link_text_color%22,%22link_text_color%22,%22link_text_color%22,%22link_text_color%22,%22link_text_color%22,%22link_text_color%22,%22link_text_color%22,%22link_text_color%22,%22link_text_color%22,%22link_text_color%22%93,%22gcid-25ac9308-b045-4eec-bab1-a5c95632d711%22:%91%22text_text_color%22%93}&#8221;]<\/p>\n<p>Prophetic direction for 2025<\/p>\n<h2>Growth &amp; Expansion<\/h2>\n<p>[\/et_pb_text][\/et_pb_column][et_pb_column type=&#8221;1_2&#8243; _builder_version=&#8221;4.27.4&#8243; _module_preset=&#8221;default&#8221; global_colors_info=&#8221;{}&#8221;][et_pb_text _builder_version=&#8221;4.27.4&#8243; _module_preset=&#8221;default&#8221; text_text_color=&#8221;gcid-3e5979b9-b7b8-44ca-9b07-60be1070d016&#8243; global_colors_info=&#8221;{%22gcid-bfe95e01-e276-416c-80e6-6af65af570dd%22:%91%22link_text_color%22,%22link_text_color%22,%22link_text_color%22,%22link_text_color%22,%22link_text_color%22,%22link_text_color%22,%22link_text_color%22,%22link_text_color%22,%22link_text_color%22,%22link_text_color%22,%22link_text_color%22%93,%22gcid-3e5979b9-b7b8-44ca-9b07-60be1070d016%22:%91%22text_text_color%22%93}&#8221;]<\/p>\n<p>In 2001, Nova was born in the living room of a small house on Pep\u00ea beach. Today, we have a structure beyond what we could dream of at the Freeway Center. But here is not the end.<\/p>\n<p><span style=\"font-weight: 400;\">God gave us a prophetic word of Growth and Expansion and along with it a visionary challenge: <\/span><strong><em>buy land in Barra da Tijuca and build our permanent home.<\/em><\/strong><\/p>\n<p>&nbsp;<\/p>\n<p><strong>Proverbs 4 (NIV)<br \/><\/strong>18 \u201cThe path of the righteous is like the light of dawn, which shines brighter and brighter until the full light of day.\u201d<strong><em><br \/><\/em><\/strong><\/p>\n<p>&nbsp;<\/p>\n<p><strong>Isaiah 54 (NIV)<br \/><\/strong>2 \u201cEnlarge the place of your tent, spread out the curtains of your tent wide, do not hinder him; stretch your ropes, firm your stakes.<br \/>3 For you will spread out to the right and to the left; their descendants will dispossess nations and settle in their abandoned cities.\u201d<\/p>\n<p>[\/et_pb_text][\/et_pb_column][\/et_pb_row][\/et_pb_section][et_pb_section fb_built=&#8221;1&#8243; _builder_version=&#8221;4.27.4&#8243; _module_preset=&#8221;default&#8221; background_color=&#8221;gcid-e48684dc-ba25-412d-b80a-0ab48c234c43&#8243; custom_padding=&#8221;||53px|||&#8221; global_colors_info=&#8221;{%22gcid-e48684dc-ba25-412d-b80a-0ab48c234c43%22:%91%22background_color%22%93}&#8221;][et_pb_row column_structure=&#8221;1_2,1_2&#8243; _builder_version=&#8221;4.27.4&#8243; _module_preset=&#8221;default&#8221; global_colors_info=&#8221;{}&#8221;][et_pb_column type=&#8221;1_2&#8243; _builder_version=&#8221;4.27.4&#8243; _module_preset=&#8221;default&#8221; global_colors_info=&#8221;{}&#8221;][et_pb_text _builder_version=&#8221;4.27.4&#8243; _module_preset=&#8221;default&#8221; custom_css_main_element=&#8221;text-wrap: balance;&#8221; global_colors_info=&#8221;{}&#8221;]<\/p>\n<p>Build with <em>purpose<\/em><\/p>\n<h2>Much more than a build<\/h2>\n<p>[\/et_pb_text][\/et_pb_column][et_pb_column type=&#8221;1_2&#8243; _builder_version=&#8221;4.27.4&#8243; _module_preset=&#8221;default&#8221; global_colors_info=&#8221;{}&#8221;][et_pb_text _builder_version=&#8221;4.27.4&#8243; _module_preset=&#8221;default&#8221; global_colors_info=&#8221;{}&#8221;]<\/p>\n<p><span style=\"font-weight: 400;\">We are not just building a building, but preparing a place where lives will be transformed and the Kingdom of God will grow. This is a project with eternal impact, which is why God calls us to act as members of a united body, where each part has a fundamental role in building the Kingdom. <\/span><em><b>You are an indispensable part of this work<\/b><\/em><span style=\"font-weight: 400;\"><em>.<\/em>\u00a0<\/span><\/p>\n<p><b>Ephesians 4:16 (NIV)<\/b><span style=\"font-weight: 400;\"> \u201cFrom Him the whole body, adjusted and united by the help of all the joints, grows and builds itself up in love, as each part performs its function.\u201d<\/span><\/p>\n<p>[\/et_pb_text][et_pb_button button_url=&#8221;#contribuir&#8221; button_text=&#8221;Quero contribuir tamb\u00e9m \u2192&#8221; button_alignment=&#8221;left&#8221; _builder_version=&#8221;4.27.4&#8243; _module_preset=&#8221;default&#8221; custom_margin=&#8221;60px||||false|false&#8221; global_colors_info=&#8221;{}&#8221;][\/et_pb_button][\/et_pb_column][\/et_pb_row][\/et_pb_section][et_pb_section fb_built=&#8221;1&#8243; _builder_version=&#8221;4.27.4&#8243; _module_preset=&#8221;default&#8221; global_colors_info=&#8221;{}&#8221;][et_pb_row gutter_width=&#8221;1&#8243; _builder_version=&#8221;4.27.4&#8243; _module_preset=&#8221;default&#8221; custom_padding=&#8221;|1%|7px|1%|false|true&#8221; global_colors_info=&#8221;{}&#8221;][et_pb_column type=&#8221;4_4&#8243; _builder_version=&#8221;4.27.4&#8243; _module_preset=&#8221;default&#8221; global_colors_info=&#8221;{}&#8221;][et_pb_text _builder_version=&#8221;4.27.4&#8243; _module_preset=&#8221;default&#8221; text_text_color=&#8221;gcid-25ac9308-b045-4eec-bab1-a5c95632d711&#8243; header_text_color=&#8221;gcid-6e8bc09b-f641-44e0-97bb-5256701eaade&#8221; header_2_text_color=&#8221;gcid-6e8bc09b-f641-44e0-97bb-5256701eaade&#8221; global_colors_info=&#8221;{%22gcid-bfe95e01-e276-416c-80e6-6af65af570dd%22:%91%22link_text_color%22,%22link_text_color%22,%22link_text_color%22,%22link_text_color%22,%22link_text_color%22,%22link_text_color%22,%22link_text_color%22,%22link_text_color%22,%22link_text_color%22,%22link_text_color%22,%22link_text_color%22,%22link_text_color%22,%22link_text_color%22,%22link_text_color%22,%22link_text_color%22,%22link_text_color%22,%22link_text_color%22%93,%22gcid-25ac9308-b045-4eec-bab1-a5c95632d711%22:%91%22text_text_color%22%93,%22gcid-6e8bc09b-f641-44e0-97bb-5256701eaade%22:%91%22header_text_color%22,%22header_2_text_color%22%93}&#8221;]<\/p>\n<h2>Contribution progress<\/h2>\n<p>[\/et_pb_text][et_pb_counters bar_bg_color=&#8221;#1b1642&#8243; _builder_version=&#8221;4.27.4&#8243; _module_preset=&#8221;default&#8221; percent_text_color=&#8221;#FFFFFF&#8221; background_color=&#8221;#bf2a2a&#8221; width=&#8221;100%&#8221; custom_margin=&#8221;||8px||false|false&#8221; custom_padding=&#8221;||||false|false&#8221; hover_enabled=&#8221;0&#8243; global_colors_info=&#8221;{}&#8221; sticky_enabled=&#8221;0&#8243;][et_pb_counter percent=&#8221;0,6&#8243; bar_background_color=&#8221;gcid-6e8bc09b-f641-44e0-97bb-5256701eaade&#8221; _builder_version=&#8221;4.27.4&#8243; _module_preset=&#8221;default&#8221; title_font_size=&#8221;30px&#8221; title_letter_spacing=&#8221;-1px&#8221; title_line_height=&#8221;2em&#8221; custom_padding=&#8221;20px||20px||true|false&#8221; hover_enabled=&#8221;0&#8243; global_colors_info=&#8221;{%22gcid-6e8bc09b-f641-44e0-97bb-5256701eaade%22:%91%22bar_background_color%22%93}&#8221; bar_background_color_default=&#8221;#1b1642&#8243; use_percentages=&#8221;on&#8221; sticky_enabled=&#8221;0&#8243;][\/et_pb_counter][\/et_pb_counters][et_pb_text _builder_version=&#8221;4.27.4&#8243; _module_preset=&#8221;default&#8221; text_orientation=&#8221;right&#8221; custom_margin=&#8221;1px|||||&#8221; hover_enabled=&#8221;0&#8243; global_colors_info=&#8221;{}&#8221; sticky_enabled=&#8221;0&#8243;]<\/p>\n<p>Total Arrecadado: R$ 210.000,00<\/p>\n<p>[\/et_pb_text][\/et_pb_column][\/et_pb_row][et_pb_row _builder_version=&#8221;4.27.4&#8243; _module_preset=&#8221;default&#8221; custom_padding=&#8221;60px|1%|0px|1%|false|true&#8221; global_colors_info=&#8221;{}&#8221;][et_pb_column type=&#8221;4_4&#8243; _builder_version=&#8221;4.27.4&#8243; _module_preset=&#8221;default&#8221; global_colors_info=&#8221;{}&#8221;][et_pb_text _builder_version=&#8221;4.27.4&#8243; _module_preset=&#8221;default&#8221; global_colors_info=&#8221;{}&#8221;]<\/p>\n<h4>Some of the areas covered<\/h4>\n<p>[\/et_pb_text][\/et_pb_column][\/et_pb_row][et_pb_row column_structure=&#8221;1_4,1_4,1_4,1_4&#8243; _builder_version=&#8221;4.27.4&#8243; _module_preset=&#8221;default&#8221; custom_padding=&#8221;0px|1%||1%|false|true&#8221; global_colors_info=&#8221;{}&#8221;][et_pb_column type=&#8221;1_4&#8243; _builder_version=&#8221;4.27.4&#8243; _module_preset=&#8221;default&#8221; global_colors_info=&#8221;{}&#8221;][et_pb_text _builder_version=&#8221;4.27.4&#8243; _module_preset=&#8221;default&#8221; global_colors_info=&#8221;{}&#8221;]<\/p>\n<ul>\n<li>Architect\/Engineer<\/li>\n<li>Demolition<\/li>\n<li>Licenses<\/li>\n<li>Coverage<\/li>\n<li>Underground utilities<\/li>\n<li>Footings\/Foundation<\/li>\n<li>Structure work<\/li>\n<li>Concrete Flat Work<\/li>\n<li>Excavation<\/li>\n<li>Roof Trusses\/Beams<\/li>\n<\/ul>\n<p>[\/et_pb_text][\/et_pb_column][et_pb_column type=&#8221;1_4&#8243; _builder_version=&#8221;4.27.4&#8243; _module_preset=&#8221;default&#8221; global_colors_info=&#8221;{}&#8221;][et_pb_text _builder_version=&#8221;4.27.4&#8243; _module_preset=&#8221;default&#8221; global_colors_info=&#8221;{}&#8221;]<\/p>\n<ul>\n<li>Household Appliances<\/li>\n<li>Cleaning<\/li>\n<li>Finishing work<\/li>\n<li>Handrail<\/li>\n<li>Closets and bathrooms<\/li>\n<li>External entry doors<\/li>\n<li>Windows\/Corridors<\/li>\n<li>Masonry<\/li>\n<li>Hardware<\/li>\n<li>Internal\/external painting<\/li>\n<\/ul>\n<p>[\/et_pb_text][\/et_pb_column][et_pb_column type=&#8221;1_4&#8243; _builder_version=&#8221;4.27.4&#8243; _module_preset=&#8221;default&#8221; global_colors_info=&#8221;{}&#8221;][et_pb_text _builder_version=&#8221;4.27.4&#8243; _module_preset=&#8221;default&#8221; global_colors_info=&#8221;{}&#8221;]<\/p>\n<ul>\n<li>Internal finishing<\/li>\n<li>Electrical installations<\/li>\n<li>Isolation<\/li>\n<li>Hard Surfaces\/Work<\/li>\n<li>Plumbing<\/li>\n<li>Plaster\/Drywall<\/li>\n<li>Electrical rough\/finish<\/li>\n<li>Slip\/Stucco<\/li>\n<li>Heating and air<\/li>\n<li>Sidewalks and ramps<\/li>\n<\/ul>\n<p>[\/et_pb_text][\/et_pb_column][et_pb_column type=&#8221;1_4&#8243; _builder_version=&#8221;4.27.4&#8243; _module_preset=&#8221;default&#8221; global_colors_info=&#8221;{}&#8221;][et_pb_text _builder_version=&#8221;4.27.4&#8243; _module_preset=&#8221;default&#8221; global_colors_info=&#8221;{}&#8221;]<\/p>\n<ul>\n<li>Tools rent<\/li>\n<li>Parking lot<\/li>\n<li>Fences<\/li>\n<li>Internal joinery and doors<\/li>\n<li>Metal\/hardware<\/li>\n<li>Decoration<\/li>\n<li>Acoustic treatment<\/li>\n<li>Sound equipment<\/li>\n<li>Fire suppression<\/li>\n<\/ul>\n<p>[\/et_pb_text][et_pb_text _builder_version=&#8221;4.27.4&#8243; _module_preset=&#8221;default&#8221; text_orientation=&#8221;right&#8221; custom_margin=&#8221;40px|||||&#8221; global_colors_info=&#8221;{}&#8221;]<\/p>\n<p><strong>Total: R$ 35.000.000<\/strong><\/p>\n<p>[\/et_pb_text][\/et_pb_column][\/et_pb_row][\/et_pb_section][et_pb_section fb_built=&#8221;1&#8243; module_id=&#8221;contribuir&#8221; _builder_version=&#8221;4.27.4&#8243; _module_preset=&#8221;default&#8221; background_color=&#8221;gcid-6e8bc09b-f641-44e0-97bb-5256701eaade&#8221; custom_padding=&#8221;||50px|||&#8221; global_colors_info=&#8221;{%22gcid-6e8bc09b-f641-44e0-97bb-5256701eaade%22:%91%22background_color%22%93}&#8221;][et_pb_row column_structure=&#8221;1_2,1_2&#8243; _builder_version=&#8221;4.27.4&#8243; _module_preset=&#8221;default&#8221; global_colors_info=&#8221;{}&#8221;][et_pb_column type=&#8221;1_2&#8243; _builder_version=&#8221;4.27.4&#8243; _module_preset=&#8221;default&#8221; global_colors_info=&#8221;{}&#8221;][et_pb_text _builder_version=&#8221;4.27.4&#8243; _module_preset=&#8221;default&#8221; text_text_color=&#8221;gcid-e48684dc-ba25-412d-b80a-0ab48c234c43&#8243; text_orientation_tablet=&#8221;center&#8221; text_orientation_phone=&#8221;center&#8221; text_orientation_last_edited=&#8221;off|phone&#8221; custom_css_main_element=&#8221;text-wrap: balance;&#8221; global_colors_info=&#8221;{%22gcid-bfe95e01-e276-416c-80e6-6af65af570dd%22:%91%22link_text_color%22,%22link_text_color%22,%22link_text_color%22,%22link_text_color%22,%22link_text_color%22%93,%22gcid-e48684dc-ba25-412d-b80a-0ab48c234c43%22:%91%22text_text_color%22%93}&#8221;]<\/p>\n<h2>I want to contribute too \u2192<\/h2>\n<p>[\/et_pb_text][\/et_pb_column][et_pb_column type=&#8221;1_2&#8243; _builder_version=&#8221;4.27.4&#8243; _module_preset=&#8221;default&#8221; global_colors_info=&#8221;{}&#8221;][et_pb_text _builder_version=&#8221;4.27.4&#8243; _module_preset=&#8221;default&#8221; text_text_color=&#8221;gcid-e48684dc-ba25-412d-b80a-0ab48c234c43&#8243; module_alignment=&#8221;center&#8221; custom_margin=&#8221;||0px|||&#8221; global_colors_info=&#8221;{%22gcid-bfe95e01-e276-416c-80e6-6af65af570dd%22:%91%22link_text_color%22,%22link_text_color%22%93,%22gcid-e48684dc-ba25-412d-b80a-0ab48c234c43%22:%91%22text_text_color%22%93}&#8221;]<\/p>\n<h2><strong>PIX<\/strong><\/h2>\n<p><strong>Chave PIX<\/strong>: nossanovacasa@novaigreja.com<\/p>\n<p><strong>QR Code PIX<\/strong>:<\/p>\n<p>[\/et_pb_text][et_pb_image src=&#8221;https:\/\/novaigreja.com\/wp-content\/uploads\/2025\/01\/Design-sem-nome-15-png.avif&#8221; title_text=&#8221;Design sem nome (15)&#8221; _builder_version=&#8221;4.27.4&#8243; _module_preset=&#8221;default&#8221; transform_scale=&#8221;92%|92%&#8221; width=&#8221;200px&#8221; width_tablet=&#8221;200px&#8221; width_phone=&#8221;190px&#8221; width_last_edited=&#8221;on|phone&#8221; global_colors_info=&#8221;{}&#8221;][\/et_pb_image][et_pb_divider color=&#8221;gcid-c5d7c083-e6b1-4d02-a4b0-3b3d3d6354af&#8221; _builder_version=&#8221;4.27.4&#8243; _module_preset=&#8221;default&#8221; min_height=&#8221;25px&#8221; custom_padding=&#8221;33px||7px||false|false&#8221; global_colors_info=&#8221;{%22gcid-c5d7c083-e6b1-4d02-a4b0-3b3d3d6354af%22:%91%22color%22%93}&#8221;][\/et_pb_divider][et_pb_text _builder_version=&#8221;4.27.4&#8243; _module_preset=&#8221;default&#8221; text_text_color=&#8221;gcid-e48684dc-ba25-412d-b80a-0ab48c234c43&#8243; module_alignment=&#8221;center&#8221; custom_margin=&#8221;||0px|||&#8221; global_colors_info=&#8221;{%22gcid-bfe95e01-e276-416c-80e6-6af65af570dd%22:%91%22link_text_color%22,%22link_text_color%22%93,%22gcid-e48684dc-ba25-412d-b80a-0ab48c234c43%22:%91%22text_text_color%22%93}&#8221;]<\/p>\n<h2><strong>Transfer<\/strong><\/h2>\n<p class=\"selectable-text copyable-text x15bjb6t x1n2onr6\" dir=\"ltr\"><span class=\"selectable-text copyable-text false\"><strong>Bank<span>: <\/span><\/strong>Santander<strong><br \/>Ag:<\/strong> 3153<br \/><\/span><strong><span class=\"selectable-text copyable-text false\">Cc: <\/span><\/strong><span class=\"selectable-text copyable-text false\">13.004021-7<br \/><strong>CPNJ<\/strong><span>: 16.638.094\/0001-69<\/span><br \/><span>Nova Igreja da Barra<\/span><br \/><\/span><\/p>\n<p>[\/et_pb_text][et_pb_divider color=&#8221;gcid-c5d7c083-e6b1-4d02-a4b0-3b3d3d6354af&#8221; _builder_version=&#8221;4.27.4&#8243; _module_preset=&#8221;default&#8221; custom_padding=&#8221;53px||11px||false|false&#8221; global_colors_info=&#8221;{%22gcid-c5d7c083-e6b1-4d02-a4b0-3b3d3d6354af%22:%91%22color%22%93}&#8221;][\/et_pb_divider][et_pb_text _builder_version=&#8221;4.27.4&#8243; _module_preset=&#8221;default&#8221; text_text_color=&#8221;gcid-e48684dc-ba25-412d-b80a-0ab48c234c43&#8243; global_colors_info=&#8221;{%22gcid-bfe95e01-e276-416c-80e6-6af65af570dd%22:%91%22link_text_color%22,%22link_text_color%22%93,%22gcid-e48684dc-ba25-412d-b80a-0ab48c234c43%22:%91%22text_text_color%22%93}&#8221;]<\/p>\n<h2><b>Materials and Services<\/b><\/h2>\n<p>If you would like to help build our new home with your talent or your company's resources, please fill out the form below.<\/p>\n<p>[\/et_pb_text][et_pb_wpt_gravityform gravityform_id=&#8221;gf-25&#8243; title=&#8221;off&#8221; description=&#8221;off&#8221; ajax=&#8221;on&#8221; _builder_version=&#8221;4.27.4&#8243; _module_preset=&#8221;default&#8221; background_color=&#8221;#FFFFFF&#8221; custom_padding=&#8221;|20px|40px|20px|false|true&#8221; global_colors_info=&#8221;{}&#8221;][\/et_pb_wpt_gravityform][\/et_pb_column][\/et_pb_row][\/et_pb_section]<\/p>","protected":false},"excerpt":{"rendered":"<p>Nossa Nova Casa Comece a contribuir \u2192 Dire\u00e7\u00e3o prof\u00e9tica para 2025 Crescimento &amp; Expans\u00e3o Em 2001, a Nova nascia numa sala de estar de uma pequena casa na praia do Pep\u00ea. Hoje, temos uma estrutura al\u00e9m do que poder\u00edamos sonhar no Freeway Center. Mas aqui n\u00e3o \u00e9 o fim. Deus nos deu uma palavra&#8230;<\/p>","protected":false},"author":1,"featured_media":0,"parent":0,"menu_order":0,"comment_status":"closed","ping_status":"closed","template":"","meta":{"_acf_changed":false,"_et_pb_use_builder":"on","_et_pb_old_content":"","_et_gb_content_width":"","footnotes":""},"class_list":["post-4591","page","type-page","status-publish","hentry"],"acf":[],"_links":{"self":[{"href":"https:\/\/novaigreja.com\/en\/wp-json\/wp\/v2\/pages\/4591","targetHints":{"allow":["GET"]}}],"collection":[{"href":"https:\/\/novaigreja.com\/en\/wp-json\/wp\/v2\/pages"}],"about":[{"href":"https:\/\/novaigreja.com\/en\/wp-json\/wp\/v2\/types\/page"}],"author":[{"embeddable":true,"href":"https:\/\/novaigreja.com\/en\/wp-json\/wp\/v2\/users\/1"}],"replies":[{"embeddable":true,"href":"https:\/\/novaigreja.com\/en\/wp-json\/wp\/v2\/comments?post=4591"}],"version-history":[{"count":0,"href":"https:\/\/novaigreja.com\/en\/wp-json\/wp\/v2\/pages\/4591\/revisions"}],"wp:attachment":[{"href":"https:\/\/novaigreja.com\/en\/wp-json\/wp\/v2\/media?parent=4591"}],"curies":[{"name":"wp","href":"https:\/\/api.w.org\/{rel}","templated":true}]}}